{"id":3716,"date":"2023-11-11T23:17:13","date_gmt":"2023-11-11T22:17:13","guid":{"rendered":"https:\/\/tmg.hu\/?page_id=3716"},"modified":"2023-11-28T14:21:37","modified_gmt":"2023-11-28T13:21:37","slug":"odpoved-prevadzkovatela-udajov","status":"publish","type":"page","link":"https:\/\/reag.hu\/sk\/odpoved-prevadzkovatela-udajov\/","title":{"rendered":"Adatkezel\u00e9si t\u00e1j\u00e9koztat\u00f3 &#8211; REAG"},"content":{"rendered":"<div data-elementor-type=\"wp-page\" data-elementor-id=\"3716\" class=\"elementor elementor-3716\" data-elementor-post-type=\"page\">\n\t\t\t\t\t\t<section class=\"elementor-section elementor-top-section elementor-element elementor-element-54f433de elementor-section-boxed elementor-section-height-default elementor-section-height-default\" data-id=\"54f433de\" data-element_type=\"section\">\n\t\t\t\t\t\t<div class=\"elementor-container elementor-column-gap-default\">\n\t\t\t\t\t<div class=\"elementor-column elementor-col-100 elementor-top-column elementor-element elementor-element-5bb9f84f\" data-id=\"5bb9f84f\" data-element_type=\"column\">\n\t\t\t<div class=\"elementor-widget-wrap elementor-element-populated\">\n\t\t\t\t\t\t<div class=\"elementor-element elementor-element-07a92cb elementor-widget elementor-widget-heading\" data-id=\"07a92cb\" data-element_type=\"widget\" data-widget_type=\"heading.default\">\n\t\t\t\t<div class=\"elementor-widget-container\">\n\t\t\t\t\t<h1 class=\"elementor-heading-title elementor-size-default\">Ozn\u00e1menie o ochrane osobn\u00fdch \u00fadajov - REAG<\/h1>\t\t\t\t<\/div>\n\t\t\t\t<\/div>\n\t\t\t\t<div class=\"elementor-element elementor-element-1b81a08c elementor-widget elementor-widget-text-editor\" data-id=\"1b81a08c\" data-element_type=\"widget\" data-widget_type=\"text-editor.default\">\n\t\t\t\t<div class=\"elementor-widget-container\">\n\t\t\t\t\t\t\t\t\t\n<p>Va\u0161e osobn\u00e9 \u00fadaje sprac\u00fava Zdru\u017eenie po\u013enohospod\u00e1rov pre obnovu p\u00f4dy (\u010falej len Zdru\u017eenie TMG; 6774, Ferencsz\u00e1ll\u00e1s, Szegedi u. 3.)<\/p>\n\n<p>Z podujatia bude vyhotoven\u00fd videoz\u00e1znam a zvukov\u00fd z\u00e1znam. \u00da\u010das\u0165ou na podujat\u00ed d\u00e1vate svoj predch\u00e1dzaj\u00faci a v\u00fdslovn\u00fd s\u00fahlas s nahr\u00e1van\u00edm a komunik\u00e1ciou va\u0161ej tv\u00e1re, vzh\u013eadu a v\u00fdrazov tv\u00e1re zdru\u017een\u00edm TMG alebo profesion\u00e1lom poveren\u00fdm zdru\u017een\u00edm TMG na vyhotovenie zvukov\u00fdch a\/alebo obrazov\u00fdch z\u00e1znamov. Pou\u017eitie zvukov\u00e9ho a obrazov\u00e9ho z\u00e1znamu je priestorovo, \u010dasovo a sp\u00f4sobom pou\u017eitia neobmedzen\u00e9 a Zdru\u017eenie TMG m\u00f4\u017ee zvukov\u00fd a\/alebo obrazov\u00fd z\u00e1znam s va\u0161ou podobiz\u0148ou v bud\u00facnosti bez obmedzenia vyu\u017e\u00edva\u0165, pou\u017e\u00edva\u0165 (napr. na propag\u00e1ciu svojich bud\u00facich podujat\u00ed), reprodukova\u0165, publikova\u0165, upravova\u0165, zverej\u0148ova\u0165 a \u0161\u00edri\u0165, a to v s\u00falade s platn\u00fdmi pr\u00e1vnymi predpismi a pri dodr\u017ean\u00ed va\u0161ich pr\u00e1v na ochranu osobn\u00fdch \u00fadajov. Nem\u00e1te n\u00e1rok na \u017eiadnu odmenu, \u010di u\u017e vopred alebo n\u00e1sledne, a nem\u00e1te vo\u010di zdru\u017eeniu TMG \u017eiadne n\u00e1roky ani po\u017eiadavky na tak\u00fato odmenu. S fotografiami a videoz\u00e1znamami vyhotoven\u00fdmi po\u010das podujatia sa bude zaobch\u00e1dza\u0165 a\u017e do odvolania v\u00e1\u0161ho s\u00fahlasu.<\/p>\n\t\t\t\t\t\t\t\t<\/div>\n\t\t\t\t<\/div>\n\t\t\t\t\t<\/div>\n\t\t<\/div>\n\t\t\t\t\t<\/div>\n\t\t<\/section>\n\t\t\t\t<\/div>","protected":false},"excerpt":{"rendered":"<p>Adatkezel\u00e9si t\u00e1j\u00e9koztat\u00f3 &#8211; REAG Szem\u00e9lyes adataid kezel\u0151je a Talajmeg\u00faj\u00edt\u00f3 Gazd\u00e1k Egyes\u00fclete (a tov\u00e1bbiakban TMG Egyes\u00fclet; 6774, Ferencsz\u00e1ll\u00e1s, Szegedi u. 3.) A rendezv\u00e9nyen k\u00e9p- \u00e9s hangfelv\u00e9tel k\u00e9sz\u00fcl. A rendezv\u00e9nyen val\u00f3 r\u00e9szv\u00e9teleddel el\u0151re \u00e9s kifejezetten hozz\u00e1j\u00e1rul\u00e1sod adod arcod, megjelen\u00e9sed, megnyilv\u00e1nul\u00e1said r\u00f6gz\u00edt\u00e9s\u00e9hez \u00e9s k\u00f6zl\u00e9s\u00e9hez a TMG Egyes\u00fclet vagy a TMG Egyes\u00fclet \u00e1ltal megb\u00edzott szakember \u00e1ltal t\u00f6rt\u00e9n\u0151 hang \u00e9s\/vagy [&hellip;]<\/p>","protected":false},"author":141,"featured_media":0,"parent":0,"menu_order":0,"comment_status":"closed","ping_status":"closed","template":"elementor_header_footer","meta":{"footnotes":""},"class_list":["post-3716","page","type-page","status-publish","hentry"],"yoast_head":"<!-- This site is optimized with the Yoast SEO plugin v26.2 - https:\/\/yoast.com\/wordpress\/plugins\/seo\/ -->\n<title>Adatkezel\u00e9si t\u00e1j\u00e9koztat\u00f3 - REAG - Talajmeg\u00faj\u00edt\u00f3 Gazd\u00e1k Egyes\u00fclete<\/title>\n<meta name=\"robots\" content=\"index, follow, max-snippet:-1, max-image-preview:large, max-video-preview:-1\" \/>\n<link rel=\"canonical\" href=\"https:\/\/tmg.hu\/adatkezelesi-tajekoztato-reag\/\" \/>\n<meta property=\"og:locale\" content=\"sk_SK\" \/>\n<meta property=\"og:type\" content=\"article\" \/>\n<meta property=\"og:title\" content=\"Adatkezel\u00e9si t\u00e1j\u00e9koztat\u00f3 - REAG - Talajmeg\u00faj\u00edt\u00f3 Gazd\u00e1k Egyes\u00fclete\" \/>\n<meta property=\"og:description\" content=\"Adatkezel\u00e9si t\u00e1j\u00e9koztat\u00f3 &#8211; REAG Szem\u00e9lyes adataid kezel\u0151je a Talajmeg\u00faj\u00edt\u00f3 Gazd\u00e1k Egyes\u00fclete (a tov\u00e1bbiakban TMG Egyes\u00fclet; 6774, Ferencsz\u00e1ll\u00e1s, Szegedi u. 3.) A rendezv\u00e9nyen k\u00e9p- \u00e9s hangfelv\u00e9tel k\u00e9sz\u00fcl. A rendezv\u00e9nyen val\u00f3 r\u00e9szv\u00e9teleddel el\u0151re \u00e9s kifejezetten hozz\u00e1j\u00e1rul\u00e1sod adod arcod, megjelen\u00e9sed, megnyilv\u00e1nul\u00e1said r\u00f6gz\u00edt\u00e9s\u00e9hez \u00e9s k\u00f6zl\u00e9s\u00e9hez a TMG Egyes\u00fclet vagy a TMG Egyes\u00fclet \u00e1ltal megb\u00edzott szakember \u00e1ltal t\u00f6rt\u00e9n\u0151 hang \u00e9s\/vagy [&hellip;]\" \/>\n<meta property=\"og:url\" content=\"https:\/\/tmg.hu\/adatkezelesi-tajekoztato-reag\/\" \/>\n<meta property=\"og:site_name\" content=\"Talajmeg\u00faj\u00edt\u00f3 Gazd\u00e1k Egyes\u00fclete\" \/>\n<meta property=\"article:publisher\" content=\"https:\/\/www.facebook.com\/tmg.egyesulet\/\" \/>\n<meta property=\"article:modified_time\" content=\"2023-11-28T13:21:37+00:00\" \/>\n<meta property=\"og:image\" content=\"https:\/\/reag.hu\/wp-content\/uploads\/2024\/10\/tmg_og_logo.png\" \/>\n\t<meta property=\"og:image:width\" content=\"1200\" \/>\n\t<meta property=\"og:image:height\" content=\"630\" \/>\n\t<meta property=\"og:image:type\" content=\"image\/png\" \/>\n<meta name=\"twitter:card\" content=\"summary_large_image\" \/>\n<meta name=\"twitter:label1\" content=\"Predpokladan\u00fd \u010das \u010d\u00edtania\" \/>\n\t<meta name=\"twitter:data1\" content=\"1 min\u00fata\" \/>\n<script type=\"application\/ld+json\" class=\"yoast-schema-graph\">{\"@context\":\"https:\/\/schema.org\",\"@graph\":[{\"@type\":\"WebPage\",\"@id\":\"https:\/\/tmg.hu\/adatkezelesi-tajekoztato-reag\/\",\"url\":\"https:\/\/tmg.hu\/adatkezelesi-tajekoztato-reag\/\",\"name\":\"Adatkezel\u00e9si t\u00e1j\u00e9koztat\u00f3 - REAG - Talajmeg\u00faj\u00edt\u00f3 Gazd\u00e1k Egyes\u00fclete\",\"isPartOf\":{\"@id\":\"https:\/\/tmg.hu\/#website\"},\"datePublished\":\"2023-11-11T22:17:13+00:00\",\"dateModified\":\"2023-11-28T13:21:37+00:00\",\"breadcrumb\":{\"@id\":\"https:\/\/tmg.hu\/adatkezelesi-tajekoztato-reag\/#breadcrumb\"},\"inLanguage\":\"sk-SK\",\"potentialAction\":[{\"@type\":\"ReadAction\",\"target\":[\"https:\/\/tmg.hu\/adatkezelesi-tajekoztato-reag\/\"]}]},{\"@type\":\"BreadcrumbList\",\"@id\":\"https:\/\/tmg.hu\/adatkezelesi-tajekoztato-reag\/#breadcrumb\",\"itemListElement\":[{\"@type\":\"ListItem\",\"position\":1,\"name\":\"Home\",\"item\":\"https:\/\/reag.hu\/\"},{\"@type\":\"ListItem\",\"position\":2,\"name\":\"Adatkezel\u00e9si t\u00e1j\u00e9koztat\u00f3 &#8211; REAG\"}]},{\"@type\":\"WebSite\",\"@id\":\"https:\/\/tmg.hu\/#website\",\"url\":\"https:\/\/tmg.hu\/\",\"name\":\"TMG - Talajmeg\u00faj\u00edt\u00f3 Gazd\u00e1k Egyes\u00fclete\",\"description\":\"Talajmeg\u00faj\u00edt\u00f3 Gazd\u00e1k Egyes\u00fclete\",\"publisher\":{\"@id\":\"https:\/\/tmg.hu\/#organization\"},\"potentialAction\":[{\"@type\":\"SearchAction\",\"target\":{\"@type\":\"EntryPoint\",\"urlTemplate\":\"https:\/\/tmg.hu\/?s={search_term_string}\"},\"query-input\":{\"@type\":\"PropertyValueSpecification\",\"valueRequired\":true,\"valueName\":\"search_term_string\"}}],\"inLanguage\":\"sk-SK\"},{\"@type\":\"Organization\",\"@id\":\"https:\/\/tmg.hu\/#organization\",\"name\":\"Talajmeg\u00faj\u00edt\u00f3 Gazd\u00e1k Egyes\u00fclete\",\"url\":\"https:\/\/tmg.hu\/\",\"logo\":{\"@type\":\"ImageObject\",\"inLanguage\":\"sk-SK\",\"@id\":\"https:\/\/tmg.hu\/#\/schema\/logo\/image\/\",\"url\":\"https:\/\/reag.hu\/wp-content\/uploads\/2024\/10\/tmg_og_logo.png\",\"contentUrl\":\"https:\/\/reag.hu\/wp-content\/uploads\/2024\/10\/tmg_og_logo.png\",\"width\":1200,\"height\":630,\"caption\":\"Talajmeg\u00faj\u00edt\u00f3 Gazd\u00e1k Egyes\u00fclete\"},\"image\":{\"@id\":\"https:\/\/tmg.hu\/#\/schema\/logo\/image\/\"},\"sameAs\":[\"https:\/\/www.facebook.com\/tmg.egyesulet\/\",\"https:\/\/www.instagram.com\/reag.hu\/\",\"https:\/\/www.youtube.com\/@tmg_egyesulet\"]}]}<\/script>\n<!-- \/ Yoast SEO plugin. -->","yoast_head_json":{"title":"Z\u00e1sady ochrany osobn\u00fdch \u00fadajov - REAG - Zdru\u017eenie pre obnovu p\u00f4dy po\u013enohospod\u00e1rov","robots":{"index":"index","follow":"follow","max-snippet":"max-snippet:-1","max-image-preview":"max-image-preview:large","max-video-preview":"max-video-preview:-1"},"canonical":"https:\/\/tmg.hu\/adatkezelesi-tajekoztato-reag\/","og_locale":"sk_SK","og_type":"article","og_title":"Adatkezel\u00e9si t\u00e1j\u00e9koztat\u00f3 - REAG - Talajmeg\u00faj\u00edt\u00f3 Gazd\u00e1k Egyes\u00fclete","og_description":"Adatkezel\u00e9si t\u00e1j\u00e9koztat\u00f3 &#8211; REAG Szem\u00e9lyes adataid kezel\u0151je a Talajmeg\u00faj\u00edt\u00f3 Gazd\u00e1k Egyes\u00fclete (a tov\u00e1bbiakban TMG Egyes\u00fclet; 6774, Ferencsz\u00e1ll\u00e1s, Szegedi u. 3.) A rendezv\u00e9nyen k\u00e9p- \u00e9s hangfelv\u00e9tel k\u00e9sz\u00fcl. A rendezv\u00e9nyen val\u00f3 r\u00e9szv\u00e9teleddel el\u0151re \u00e9s kifejezetten hozz\u00e1j\u00e1rul\u00e1sod adod arcod, megjelen\u00e9sed, megnyilv\u00e1nul\u00e1said r\u00f6gz\u00edt\u00e9s\u00e9hez \u00e9s k\u00f6zl\u00e9s\u00e9hez a TMG Egyes\u00fclet vagy a TMG Egyes\u00fclet \u00e1ltal megb\u00edzott szakember \u00e1ltal t\u00f6rt\u00e9n\u0151 hang \u00e9s\/vagy [&hellip;]","og_url":"https:\/\/tmg.hu\/adatkezelesi-tajekoztato-reag\/","og_site_name":"Talajmeg\u00faj\u00edt\u00f3 Gazd\u00e1k Egyes\u00fclete","article_publisher":"https:\/\/www.facebook.com\/tmg.egyesulet\/","article_modified_time":"2023-11-28T13:21:37+00:00","og_image":[{"width":1200,"height":630,"url":"https:\/\/reag.hu\/wp-content\/uploads\/2024\/10\/tmg_og_logo.png","type":"image\/png"}],"twitter_card":"summary_large_image","twitter_misc":{"Predpokladan\u00fd \u010das \u010d\u00edtania":"1 min\u00fata"},"schema":{"@context":"https:\/\/schema.org","@graph":[{"@type":"WebPage","@id":"https:\/\/tmg.hu\/adatkezelesi-tajekoztato-reag\/","url":"https:\/\/tmg.hu\/adatkezelesi-tajekoztato-reag\/","name":"Z\u00e1sady ochrany osobn\u00fdch \u00fadajov - REAG - Zdru\u017eenie pre obnovu p\u00f4dy po\u013enohospod\u00e1rov","isPartOf":{"@id":"https:\/\/tmg.hu\/#website"},"datePublished":"2023-11-11T22:17:13+00:00","dateModified":"2023-11-28T13:21:37+00:00","breadcrumb":{"@id":"https:\/\/tmg.hu\/adatkezelesi-tajekoztato-reag\/#breadcrumb"},"inLanguage":"sk-SK","potentialAction":[{"@type":"ReadAction","target":["https:\/\/tmg.hu\/adatkezelesi-tajekoztato-reag\/"]}]},{"@type":"BreadcrumbList","@id":"https:\/\/tmg.hu\/adatkezelesi-tajekoztato-reag\/#breadcrumb","itemListElement":[{"@type":"ListItem","position":1,"name":"Home","item":"https:\/\/reag.hu\/"},{"@type":"ListItem","position":2,"name":"Adatkezel\u00e9si t\u00e1j\u00e9koztat\u00f3 &#8211; REAG"}]},{"@type":"WebSite","@id":"https:\/\/tmg.hu\/#website","url":"https:\/\/tmg.hu\/","name":"TMG - Zdru\u017eenie po\u013enohospod\u00e1rov pre obnovu p\u00f4dy","description":"Zdru\u017eenie po\u013enohospod\u00e1rov pre obnovu p\u00f4dy","publisher":{"@id":"https:\/\/tmg.hu\/#organization"},"potentialAction":[{"@type":"SearchAction","target":{"@type":"EntryPoint","urlTemplate":"https:\/\/tmg.hu\/?s={search_term_string}"},"query-input":{"@type":"PropertyValueSpecification","valueRequired":true,"valueName":"search_term_string"}}],"inLanguage":"sk-SK"},{"@type":"Organization","@id":"https:\/\/tmg.hu\/#organization","name":"Zdru\u017eenie po\u013enohospod\u00e1rov pre obnovu p\u00f4dy","url":"https:\/\/tmg.hu\/","logo":{"@type":"ImageObject","inLanguage":"sk-SK","@id":"https:\/\/tmg.hu\/#\/schema\/logo\/image\/","url":"https:\/\/reag.hu\/wp-content\/uploads\/2024\/10\/tmg_og_logo.png","contentUrl":"https:\/\/reag.hu\/wp-content\/uploads\/2024\/10\/tmg_og_logo.png","width":1200,"height":630,"caption":"Talajmeg\u00faj\u00edt\u00f3 Gazd\u00e1k Egyes\u00fclete"},"image":{"@id":"https:\/\/tmg.hu\/#\/schema\/logo\/image\/"},"sameAs":["https:\/\/www.facebook.com\/tmg.egyesulet\/","https:\/\/www.instagram.com\/reag.hu\/","https:\/\/www.youtube.com\/@tmg_egyesulet"]}]}},"_links":{"self":[{"href":"https:\/\/reag.hu\/sk\/wp-json\/wp\/v2\/pages\/3716","targetHints":{"allow":["GET"]}}],"collection":[{"href":"https:\/\/reag.hu\/sk\/wp-json\/wp\/v2\/pages"}],"about":[{"href":"https:\/\/reag.hu\/sk\/wp-json\/wp\/v2\/types\/page"}],"author":[{"embeddable":true,"href":"https:\/\/reag.hu\/sk\/wp-json\/wp\/v2\/users\/141"}],"replies":[{"embeddable":true,"href":"https:\/\/reag.hu\/sk\/wp-json\/wp\/v2\/comments?post=3716"}],"version-history":[{"count":0,"href":"https:\/\/reag.hu\/sk\/wp-json\/wp\/v2\/pages\/3716\/revisions"}],"wp:attachment":[{"href":"https:\/\/reag.hu\/sk\/wp-json\/wp\/v2\/media?parent=3716"}],"curies":[{"name":"wp","href":"https:\/\/api.w.org\/{rel}","templated":true}]}}