{"id":10176,"date":"2025-04-05T03:37:58","date_gmt":"2025-04-05T01:37:58","guid":{"rendered":"https:\/\/reag.devlocal\/?page_id=10176"},"modified":"2025-04-05T04:02:38","modified_gmt":"2025-04-05T02:02:38","slug":"lizard","status":"publish","type":"page","link":"https:\/\/reag.hu\/en\/lizard\/","title":{"rendered":"FAQ"},"content":{"rendered":"<div data-elementor-type=\"wp-page\" data-elementor-id=\"10176\" class=\"elementor elementor-10176\" data-elementor-post-type=\"page\">\n\t\t\t\t\t\t<section class=\"elementor-section elementor-top-section elementor-element elementor-element-afd88c0 elementor-section-boxed elementor-section-height-default elementor-section-height-default\" data-id=\"afd88c0\" data-element_type=\"section\">\n\t\t\t\t\t\t<div class=\"elementor-container elementor-column-gap-default\">\n\t\t\t\t\t<div class=\"elementor-column elementor-col-100 elementor-top-column elementor-element elementor-element-058ed3b\" data-id=\"058ed3b\" data-element_type=\"column\">\n\t\t\t<div class=\"elementor-widget-wrap\">\n\t\t\t\t\t\t\t<\/div>\n\t\t<\/div>\n\t\t\t\t\t<\/div>\n\t\t<\/section>\n\t\t\t\t<section class=\"elementor-section elementor-top-section elementor-element elementor-element-96084be elementor-section-boxed elementor-section-height-default elementor-section-height-default\" data-id=\"96084be\" data-element_type=\"section\">\n\t\t\t\t\t\t<div class=\"elementor-container elementor-column-gap-default\">\n\t\t\t\t\t<div class=\"elementor-column elementor-col-100 elementor-top-column elementor-element elementor-element-ef4a3a8\" data-id=\"ef4a3a8\" data-element_type=\"column\">\n\t\t\t<div class=\"elementor-widget-wrap elementor-element-populated\">\n\t\t\t\t\t\t<section class=\"elementor-section elementor-inner-section elementor-element elementor-element-80bb53f elementor-section-boxed elementor-section-height-default elementor-section-height-default\" data-id=\"80bb53f\" data-element_type=\"section\">\n\t\t\t\t\t\t<div class=\"elementor-container elementor-column-gap-default\">\n\t\t\t\t\t<div class=\"elementor-column elementor-col-100 elementor-inner-column elementor-element elementor-element-79472a2\" data-id=\"79472a2\" data-element_type=\"column\">\n\t\t\t<div class=\"elementor-widget-wrap elementor-element-populated\">\n\t\t\t\t\t\t<div class=\"elementor-element elementor-element-5d19454 elementor-widget elementor-widget-html\" data-id=\"5d19454\" data-element_type=\"widget\" data-widget_type=\"html.default\">\n\t\t\t\t<div class=\"elementor-widget-container\">\n\t\t\t\t\t<div class=\"faq-container\">\n\n    <div class=\"row\">\n        <div class=\"col\">\n\n            <div class=\"text-center mb-5\">\n                <h2>GY.I.K.<\/h2>\n            <\/div>\n\n        <\/div>\n    <\/div>\n\n    <div class=\"row\">\n\n        <div class=\"col-12 col-lg-8\">\n\n            <div class=\"accordion\" id=\"faqAccordion\">\n\n\t\t\t\t\n                    <div class=\"accordion-item my-2\">\n\n                        <h2 class=\"accordion-header\">\n\n                            <button class=\"accordion-button collapsed fw-bold fs-6\"\n                                    type=\"button\"\n                                    data-bs-toggle=\"collapse\"\n                                    data-bs-target=\"#faq-collapse-9170\"\n                                    aria-expanded=\"false\"\n                                    aria-controls=\"faq-collapse-9170\"\n                            >\n\t\t\t\t\t\t\t\tWhat is TMG REAG?                            <\/button>\n\n                        <\/h2>\n\n                        <div id=\"faq-collapse-9170\"\n                             class=\"accordion-collapse collapse\"\n                             data-bs-parent=\"#faqAccordion\"\n                        >\n\n                            <div class=\"accordion-body pt-4 fs-6\">\n\t\t\t\t\t\t\t\t\n<p>TMG is short for Soil Restoration Farmers, from the name of the association that organises the event. REAG stands for 'regenerative agriculture'.<\/p>\n                            <\/div>\n\n                        <\/div>\n\n                    <\/div>\n\n\t\t\t\t\n                    <div class=\"accordion-item my-2\">\n\n                        <h2 class=\"accordion-header\">\n\n                            <button class=\"accordion-button collapsed fw-bold fs-6\"\n                                    type=\"button\"\n                                    data-bs-toggle=\"collapse\"\n                                    data-bs-target=\"#faq-collapse-9171\"\n                                    aria-expanded=\"false\"\n                                    aria-controls=\"faq-collapse-9171\"\n                            >\n\t\t\t\t\t\t\t\tI've read a lot about it, but I'm not sure whether I should even start regenerative cultivation. Is it worth attending the event?                            <\/button>\n\n                        <\/h2>\n\n                        <div id=\"faq-collapse-9171\"\n                             class=\"accordion-collapse collapse\"\n                             data-bs-parent=\"#faqAccordion\"\n                        >\n\n                            <div class=\"accordion-body pt-4 fs-6\">\n\t\t\t\t\t\t\t\t\n<p>If you feel that our farming and natural environment is changing negatively, and that this is having a negative impact on your farming, we can show you a workable way out. This is exactly what we will be exploring at the conference. If you are open to change and change is what you are looking for, this is definitely the place for you!<\/p>\n                            <\/div>\n\n                        <\/div>\n\n                    <\/div>\n\n\t\t\t\t\n                    <div class=\"accordion-item my-2\">\n\n                        <h2 class=\"accordion-header\">\n\n                            <button class=\"accordion-button collapsed fw-bold fs-6\"\n                                    type=\"button\"\n                                    data-bs-toggle=\"collapse\"\n                                    data-bs-target=\"#faq-collapse-9173\"\n                                    aria-expanded=\"false\"\n                                    aria-controls=\"faq-collapse-9173\"\n                            >\n\t\t\t\t\t\t\t\tI want to be an exhibitor. Can I still apply?                            <\/button>\n\n                        <\/h2>\n\n                        <div id=\"faq-collapse-9173\"\n                             class=\"accordion-collapse collapse\"\n                             data-bs-parent=\"#faqAccordion\"\n                        >\n\n                            <div class=\"accordion-body pt-4 fs-6\">\n\t\t\t\t\t\t\t\t\n<p>Please contact our colleague at <a href=\"mailto:rendezveny@tmg.hu\">rendezveny@tmg.hu<\/a> by email!<\/p>\n                            <\/div>\n\n                        <\/div>\n\n                    <\/div>\n\n\t\t\t\t\n                    <div class=\"accordion-item my-2\">\n\n                        <h2 class=\"accordion-header\">\n\n                            <button class=\"accordion-button collapsed fw-bold fs-6\"\n                                    type=\"button\"\n                                    data-bs-toggle=\"collapse\"\n                                    data-bs-target=\"#faq-collapse-9172\"\n                                    aria-expanded=\"false\"\n                                    aria-controls=\"faq-collapse-9172\"\n                            >\n\t\t\t\t\t\t\t\tWhat will happen after I press the apply button?                            <\/button>\n\n                        <\/h2>\n\n                        <div id=\"faq-collapse-9172\"\n                             class=\"accordion-collapse collapse\"\n                             data-bs-parent=\"#faqAccordion\"\n                        >\n\n                            <div class=\"accordion-body pt-4 fs-6\">\n\t\t\t\t\t\t\t\t\n<p>By clicking on the 'PURCHASE' button, the system will redirect you to the TMG Association's webshop, where you can conveniently purchase your ticket online.<\/p>\n\n\n\n<p>Important! Registration cannot be cancelled and the amount paid cannot be refunded!<\/p>\n                            <\/div>\n\n                        <\/div>\n\n                    <\/div>\n\n\t\t\t\t\n                    <div class=\"accordion-item my-2\">\n\n                        <h2 class=\"accordion-header\">\n\n                            <button class=\"accordion-button collapsed fw-bold fs-6\"\n                                    type=\"button\"\n                                    data-bs-toggle=\"collapse\"\n                                    data-bs-target=\"#faq-collapse-9263\"\n                                    aria-expanded=\"false\"\n                                    aria-controls=\"faq-collapse-9263\"\n                            >\n\t\t\t\t\t\t\t\tCan I have lunch on the spot?                            <\/button>\n\n                        <\/h2>\n\n                        <div id=\"faq-collapse-9263\"\n                             class=\"accordion-collapse collapse\"\n                             data-bs-parent=\"#faqAccordion\"\n                        >\n\n                            <div class=\"accordion-body pt-4 fs-6\">\n\t\t\t\t\t\t\t\t\n<p>At the on-site Aero Restaurant, guests can buy lunch on the spot from the restaurant's special REAG menu, which is especially for conference participants. The meal is payable on site at the restaurant. For more information, please contact the restaurant staff at\u00a0<a href=\"mailto:info@aerohotel.hu\" target=\"_blank\" rel=\"noreferrer noopener\">info@aerohotel.hu<\/a>\u00a0by email.<br><\/p>\n                            <\/div>\n\n                        <\/div>\n\n                    <\/div>\n\n\t\t\t\t\n                    <div class=\"accordion-item my-2\">\n\n                        <h2 class=\"accordion-header\">\n\n                            <button class=\"accordion-button collapsed fw-bold fs-6\"\n                                    type=\"button\"\n                                    data-bs-toggle=\"collapse\"\n                                    data-bs-target=\"#faq-collapse-9176\"\n                                    aria-expanded=\"false\"\n                                    aria-controls=\"faq-collapse-9176\"\n                            >\n\t\t\t\t\t\t\t\tWhat happens in case of rain and snow?                            <\/button>\n\n                        <\/h2>\n\n                        <div id=\"faq-collapse-9176\"\n                             class=\"accordion-collapse collapse\"\n                             data-bs-parent=\"#faqAccordion\"\n                        >\n\n                            <div class=\"accordion-body pt-4 fs-6\">\n\t\t\t\t\t\t\t\t\n<p>The presentations and programmes will be held in a heated indoor space, the machinery exhibition space will be partly in a tent (heated) and partly outdoors. Access to the site is by asphalt road. It is hoped that adverse weather conditions will not affect the event.<\/p>\n                            <\/div>\n\n                        <\/div>\n\n                    <\/div>\n\n\t\t\t\t\n                    <div class=\"accordion-item my-2\">\n\n                        <h2 class=\"accordion-header\">\n\n                            <button class=\"accordion-button collapsed fw-bold fs-6\"\n                                    type=\"button\"\n                                    data-bs-toggle=\"collapse\"\n                                    data-bs-target=\"#faq-collapse-9177\"\n                                    aria-expanded=\"false\"\n                                    aria-controls=\"faq-collapse-9177\"\n                            >\n\t\t\t\t\t\t\t\tWhy don't I get a confirmation email after I buy a ticket?                            <\/button>\n\n                        <\/h2>\n\n                        <div id=\"faq-collapse-9177\"\n                             class=\"accordion-collapse collapse\"\n                             data-bs-parent=\"#faqAccordion\"\n                        >\n\n                            <div class=\"accordion-body pt-4 fs-6\">\n\t\t\t\t\t\t\t\t\n<p>You may have misspelled your email address or your mail system may consider the email to be junk mail. Please make sure to check your Spam and Promotions folder first. If you can't find your ticket there, please contact our team at\u00a0<a href=\"mailto:rendezveny@tmg.hu\">rendezveny@tmg.hu<\/a>\u00a0by email.<\/p>\n                            <\/div>\n\n                        <\/div>\n\n                    <\/div>\n\n\t\t\t\t\n                    <div class=\"accordion-item my-2\">\n\n                        <h2 class=\"accordion-header\">\n\n                            <button class=\"accordion-button collapsed fw-bold fs-6\"\n                                    type=\"button\"\n                                    data-bs-toggle=\"collapse\"\n                                    data-bs-target=\"#faq-collapse-9178\"\n                                    aria-expanded=\"false\"\n                                    aria-controls=\"faq-collapse-9178\"\n                            >\n\t\t\t\t\t\t\t\tCan I bring my dog? Small size.                            <\/button>\n\n                        <\/h2>\n\n                        <div id=\"faq-collapse-9178\"\n                             class=\"accordion-collapse collapse\"\n                             data-bs-parent=\"#faqAccordion\"\n                        >\n\n                            <div class=\"accordion-body pt-4 fs-6\">\n\t\t\t\t\t\t\t\t\n<p>No dogs or other animals are allowed at the event!<\/p>\n                            <\/div>\n\n                        <\/div>\n\n                    <\/div>\n\n\t\t\t\t\n            <\/div>\n\n        <\/div>\n\n        <div class=\"col-12 col-lg-4\">\n\n            <div class=\"d-flex flex-column align-items-center text-center\">\n\n                <div>\n                    <span class=\"font-size-huge text-light-green fw-bold\">?<\/span>\n                <\/div>\n\n                <div class=\"mb-4\">\n                    <span class=\"fs-2 fw-bold\">Do you have any other questions?<\/span>\n                <\/div>\n\n                <div class=\"mb-5\">\n\n                    <span class=\"fw-light fs-6\">\n                        If you can't find the answer you're looking for, please contact us by clicking on the button below and one of our colleagues will be happy to answer your question!\n                    <\/span>\n\n                <\/div>\n\n                <div class=\"\">\n                    <a href=\"https:\/\/tmg.hu\/kapcsolat\"\n                       target=\"_blank\"\n                       class=\"btn btn-secondary rounded-0 text-white fw-bold text-uppercase px-5\">Contact<\/a>\n                <\/div>\n\n            <\/div>\n\n        <\/div>\n\n    <\/div>\n\n<\/div>\t\t\t\t<\/div>\n\t\t\t\t<\/div>\n\t\t\t\t\t<\/div>\n\t\t<\/div>\n\t\t\t\t\t<\/div>\n\t\t<\/section>\n\t\t\t\t\t<\/div>\n\t\t<\/div>\n\t\t\t\t\t<\/div>\n\t\t<\/section>\n\t\t\t\t<\/div>","protected":false},"excerpt":{"rendered":"","protected":false},"author":141,"featured_media":0,"parent":0,"menu_order":0,"comment_status":"closed","ping_status":"closed","template":"elementor_header_footer","meta":{"footnotes":""},"class_list":["post-10176","page","type-page","status-publish","hentry"],"yoast_head":"<!-- This site is optimized with the Yoast SEO plugin v26.2 - https:\/\/yoast.com\/wordpress\/plugins\/seo\/ -->\n<title>GYIK - Talajmeg\u00faj\u00edt\u00f3 Gazd\u00e1k Egyes\u00fclete<\/title>\n<meta name=\"robots\" content=\"index, follow, max-snippet:-1, max-image-preview:large, max-video-preview:-1\" \/>\n<link rel=\"canonical\" href=\"https:\/\/reag.devlocal\/gyik\/\" \/>\n<meta property=\"og:locale\" content=\"en_US\" \/>\n<meta property=\"og:type\" content=\"article\" \/>\n<meta property=\"og:title\" content=\"GYIK - Talajmeg\u00faj\u00edt\u00f3 Gazd\u00e1k Egyes\u00fclete\" \/>\n<meta property=\"og:url\" content=\"https:\/\/reag.devlocal\/gyik\/\" \/>\n<meta property=\"og:site_name\" content=\"Talajmeg\u00faj\u00edt\u00f3 Gazd\u00e1k Egyes\u00fclete\" \/>\n<meta property=\"article:publisher\" content=\"https:\/\/www.facebook.com\/tmg.egyesulet\/\" \/>\n<meta property=\"article:modified_time\" content=\"2025-04-05T02:02:38+00:00\" \/>\n<meta property=\"og:image\" content=\"https:\/\/reag.hu\/wp-content\/uploads\/2024\/10\/tmg_og_logo.png\" \/>\n\t<meta property=\"og:image:width\" content=\"1200\" \/>\n\t<meta property=\"og:image:height\" content=\"630\" \/>\n\t<meta property=\"og:image:type\" content=\"image\/png\" \/>\n<meta name=\"twitter:card\" content=\"summary_large_image\" \/>\n<meta name=\"twitter:label1\" content=\"Est. reading time\" \/>\n\t<meta name=\"twitter:data1\" content=\"1 minute\" \/>\n<script type=\"application\/ld+json\" class=\"yoast-schema-graph\">{\"@context\":\"https:\/\/schema.org\",\"@graph\":[{\"@type\":\"WebPage\",\"@id\":\"https:\/\/reag.devlocal\/gyik\/\",\"url\":\"https:\/\/reag.devlocal\/gyik\/\",\"name\":\"GYIK - Talajmeg\u00faj\u00edt\u00f3 Gazd\u00e1k Egyes\u00fclete\",\"isPartOf\":{\"@id\":\"https:\/\/tmg.hu\/#website\"},\"datePublished\":\"2025-04-05T01:37:58+00:00\",\"dateModified\":\"2025-04-05T02:02:38+00:00\",\"breadcrumb\":{\"@id\":\"https:\/\/reag.devlocal\/gyik\/#breadcrumb\"},\"inLanguage\":\"en-US\",\"potentialAction\":[{\"@type\":\"ReadAction\",\"target\":[\"https:\/\/reag.devlocal\/gyik\/\"]}]},{\"@type\":\"BreadcrumbList\",\"@id\":\"https:\/\/reag.devlocal\/gyik\/#breadcrumb\",\"itemListElement\":[{\"@type\":\"ListItem\",\"position\":1,\"name\":\"Home\",\"item\":\"https:\/\/reag.hu\/\"},{\"@type\":\"ListItem\",\"position\":2,\"name\":\"GYIK\"}]},{\"@type\":\"WebSite\",\"@id\":\"https:\/\/tmg.hu\/#website\",\"url\":\"https:\/\/tmg.hu\/\",\"name\":\"TMG - Talajmeg\u00faj\u00edt\u00f3 Gazd\u00e1k Egyes\u00fclete\",\"description\":\"Talajmeg\u00faj\u00edt\u00f3 Gazd\u00e1k Egyes\u00fclete\",\"publisher\":{\"@id\":\"https:\/\/tmg.hu\/#organization\"},\"potentialAction\":[{\"@type\":\"SearchAction\",\"target\":{\"@type\":\"EntryPoint\",\"urlTemplate\":\"https:\/\/tmg.hu\/?s={search_term_string}\"},\"query-input\":{\"@type\":\"PropertyValueSpecification\",\"valueRequired\":true,\"valueName\":\"search_term_string\"}}],\"inLanguage\":\"en-US\"},{\"@type\":\"Organization\",\"@id\":\"https:\/\/tmg.hu\/#organization\",\"name\":\"Talajmeg\u00faj\u00edt\u00f3 Gazd\u00e1k Egyes\u00fclete\",\"url\":\"https:\/\/tmg.hu\/\",\"logo\":{\"@type\":\"ImageObject\",\"inLanguage\":\"en-US\",\"@id\":\"https:\/\/tmg.hu\/#\/schema\/logo\/image\/\",\"url\":\"https:\/\/reag.hu\/wp-content\/uploads\/2024\/10\/tmg_og_logo.png\",\"contentUrl\":\"https:\/\/reag.hu\/wp-content\/uploads\/2024\/10\/tmg_og_logo.png\",\"width\":1200,\"height\":630,\"caption\":\"Talajmeg\u00faj\u00edt\u00f3 Gazd\u00e1k Egyes\u00fclete\"},\"image\":{\"@id\":\"https:\/\/tmg.hu\/#\/schema\/logo\/image\/\"},\"sameAs\":[\"https:\/\/www.facebook.com\/tmg.egyesulet\/\",\"https:\/\/www.instagram.com\/reag.hu\/\",\"https:\/\/www.youtube.com\/@tmg_egyesulet\"]}]}<\/script>\n<!-- \/ Yoast SEO plugin. -->","yoast_head_json":{"title":"FAQ - Soil Renewal Farmers' Association","robots":{"index":"index","follow":"follow","max-snippet":"max-snippet:-1","max-image-preview":"max-image-preview:large","max-video-preview":"max-video-preview:-1"},"canonical":"https:\/\/reag.devlocal\/gyik\/","og_locale":"en_US","og_type":"article","og_title":"GYIK - Talajmeg\u00faj\u00edt\u00f3 Gazd\u00e1k Egyes\u00fclete","og_url":"https:\/\/reag.devlocal\/gyik\/","og_site_name":"Talajmeg\u00faj\u00edt\u00f3 Gazd\u00e1k Egyes\u00fclete","article_publisher":"https:\/\/www.facebook.com\/tmg.egyesulet\/","article_modified_time":"2025-04-05T02:02:38+00:00","og_image":[{"width":1200,"height":630,"url":"https:\/\/reag.hu\/wp-content\/uploads\/2024\/10\/tmg_og_logo.png","type":"image\/png"}],"twitter_card":"summary_large_image","twitter_misc":{"Est. reading time":"1 minute"},"schema":{"@context":"https:\/\/schema.org","@graph":[{"@type":"WebPage","@id":"https:\/\/reag.devlocal\/gyik\/","url":"https:\/\/reag.devlocal\/gyik\/","name":"FAQ - Soil Renewal Farmers' Association","isPartOf":{"@id":"https:\/\/tmg.hu\/#website"},"datePublished":"2025-04-05T01:37:58+00:00","dateModified":"2025-04-05T02:02:38+00:00","breadcrumb":{"@id":"https:\/\/reag.devlocal\/gyik\/#breadcrumb"},"inLanguage":"en-US","potentialAction":[{"@type":"ReadAction","target":["https:\/\/reag.devlocal\/gyik\/"]}]},{"@type":"BreadcrumbList","@id":"https:\/\/reag.devlocal\/gyik\/#breadcrumb","itemListElement":[{"@type":"ListItem","position":1,"name":"Home","item":"https:\/\/reag.hu\/"},{"@type":"ListItem","position":2,"name":"GYIK"}]},{"@type":"WebSite","@id":"https:\/\/tmg.hu\/#website","url":"https:\/\/tmg.hu\/","name":"TMG - Soil Renewal Farmers' Association","description":"Soil Restoration Farmers Association","publisher":{"@id":"https:\/\/tmg.hu\/#organization"},"potentialAction":[{"@type":"SearchAction","target":{"@type":"EntryPoint","urlTemplate":"https:\/\/tmg.hu\/?s={search_term_string}"},"query-input":{"@type":"PropertyValueSpecification","valueRequired":true,"valueName":"search_term_string"}}],"inLanguage":"en-US"},{"@type":"Organization","@id":"https:\/\/tmg.hu\/#organization","name":"Soil Restoration Farmers Association","url":"https:\/\/tmg.hu\/","logo":{"@type":"ImageObject","inLanguage":"en-US","@id":"https:\/\/tmg.hu\/#\/schema\/logo\/image\/","url":"https:\/\/reag.hu\/wp-content\/uploads\/2024\/10\/tmg_og_logo.png","contentUrl":"https:\/\/reag.hu\/wp-content\/uploads\/2024\/10\/tmg_og_logo.png","width":1200,"height":630,"caption":"Talajmeg\u00faj\u00edt\u00f3 Gazd\u00e1k Egyes\u00fclete"},"image":{"@id":"https:\/\/tmg.hu\/#\/schema\/logo\/image\/"},"sameAs":["https:\/\/www.facebook.com\/tmg.egyesulet\/","https:\/\/www.instagram.com\/reag.hu\/","https:\/\/www.youtube.com\/@tmg_egyesulet"]}]}},"_links":{"self":[{"href":"https:\/\/reag.hu\/en\/wp-json\/wp\/v2\/pages\/10176","targetHints":{"allow":["GET"]}}],"collection":[{"href":"https:\/\/reag.hu\/en\/wp-json\/wp\/v2\/pages"}],"about":[{"href":"https:\/\/reag.hu\/en\/wp-json\/wp\/v2\/types\/page"}],"author":[{"embeddable":true,"href":"https:\/\/reag.hu\/en\/wp-json\/wp\/v2\/users\/141"}],"replies":[{"embeddable":true,"href":"https:\/\/reag.hu\/en\/wp-json\/wp\/v2\/comments?post=10176"}],"version-history":[{"count":10,"href":"https:\/\/reag.hu\/en\/wp-json\/wp\/v2\/pages\/10176\/revisions"}],"predecessor-version":[{"id":10210,"href":"https:\/\/reag.hu\/en\/wp-json\/wp\/v2\/pages\/10176\/revisions\/10210"}],"wp:attachment":[{"href":"https:\/\/reag.hu\/en\/wp-json\/wp\/v2\/media?parent=10176"}],"curies":[{"name":"wp","href":"https:\/\/api.w.org\/{rel}","templated":true}]}}